{"id":1501,"date":"2020-07-06T18:01:31","date_gmt":"2020-07-06T16:01:31","guid":{"rendered":"https:\/\/lilscope.com\/?post_type=product&#038;p=1501"},"modified":"2023-02-07T15:26:48","modified_gmt":"2023-02-07T14:26:48","slug":"lilscope-linsenset-pro","status":"publish","type":"product","link":"https:\/\/lilscope.com\/en\/product\/lilscope-linsenset-pro\/","title":{"rendered":"LilScope Maro Lenses Set Pro"},"content":{"rendered":"<p>Das Handy Makro-Linsenset pro besteht aus 2 Linsen: die Linsen besitzen eine 5-fache und eine 10-fache Vergr\u00f6\u00dferung. Die Linsen decken viele Anwendungsbereiche ab. Sie sind einfach in der Anwendung und erm\u00f6glichen dir faszinierende Einblicke in die Mikrowelt oder helfen dir Kleines in Szene zu setzen. Du brauchst noch kein Stativ. Du kannst damit auch outdoor coole Fotos machen oder interessante Videos drehen.<\/p>","protected":false},"excerpt":{"rendered":"<p>Phone macro lens set pro consists of 2 lenses (5x and 10x).<\/p>","protected":false},"featured_media":2765,"template":"","meta":{"_monsterinsights_skip_tracking":false,"_monsterinsights_sitenote_active":false,"_monsterinsights_sitenote_note":"","_monsterinsights_sitenote_category":0,"_uf_show_specific_survey":0,"_uf_disable_surveys":false,"site-sidebar-layout":"default","site-content-layout":"default","ast-site-content-layout":"","site-content-style":"default","site-sidebar-style":"default","ast-global-header-display":"","ast-banner-title-visibility":"","ast-main-header-display":"","ast-hfb-above-header-display":"","ast-hfb-below-header-display":"","ast-hfb-mobile-header-display":"","site-post-title":"","ast-breadcrumbs-content":"","ast-featured-img":"","footer-sml-layout":"","theme-transparent-header-meta":"default","adv-header-id-meta":"","stick-header-meta":"","header-above-stick-meta":"","header-main-stick-meta":"","header-below-stick-meta":"","astra-migrate-meta-layouts":"default","ast-page-background-enabled":"default","ast-page-background-meta":{"desktop":{"background-color":"","background-image":"","background-repeat":"repeat","background-position":"center center","background-size":"auto","background-attachment":"scroll","background-type":"","background-media":"","overlay-type":"","overlay-color":"","overlay-gradient":""},"tablet":{"background-color":"","background-image":"","background-repeat":"repeat","background-position":"center center","background-size":"auto","background-attachment":"scroll","background-type":"","background-media":"","overlay-type":"","overlay-color":"","overlay-gradient":""},"mobile":{"background-color":"","background-image":"","background-repeat":"repeat","background-position":"center center","background-size":"auto","background-attachment":"scroll","background-type":"","background-media":"","overlay-type":"","overlay-color":"","overlay-gradient":""}},"ast-content-background-meta":{"desktop":{"background-color":"var(--ast-global-color-5)","background-image":"","background-repeat":"repeat","background-position":"center center","background-size":"auto","background-attachment":"scroll","background-type":"","background-media":"","overlay-type":"","overlay-color":"","overlay-gradient":""},"tablet":{"background-color":"var(--ast-global-color-5)","background-image":"","background-repeat":"repeat","background-position":"center center","background-size":"auto","background-attachment":"scroll","background-type":"","background-media":"","overlay-type":"","overlay-color":"","overlay-gradient":""},"mobile":{"background-color":"var(--ast-global-color-5)","background-image":"","background-repeat":"repeat","background-position":"center center","background-size":"auto","background-attachment":"scroll","background-type":"","background-media":"","overlay-type":"","overlay-color":"","overlay-gradient":""}}},"product_brand":[],"product_cat":[35],"product_tag":[],"class_list":{"0":"post-1501","1":"product","2":"type-product","3":"status-publish","4":"has-post-thumbnail","6":"product_cat-makrolinsen","7":"product_shipping_class-brief-prio","8":"desktop-align-left","9":"tablet-align-left","10":"mobile-align-left","12":"first","13":"instock","14":"shipping-taxable","15":"purchasable","16":"product-type-simple"},"yoast_head":"<!-- This site is optimized with the Yoast SEO Premium plugin v24.4 (Yoast SEO v24.4) - https:\/\/yoast.com\/wordpress\/plugins\/seo\/ -->\n<title>LilScope Linsenset pro -<\/title>\n<meta name=\"robots\" content=\"index, follow, max-snippet:-1, max-image-preview:large, max-video-preview:-1\" \/>\n<link rel=\"canonical\" href=\"https:\/\/lilscope.com\/en\/product\/lilscope-linsenset-pro\/\" \/>\n<meta property=\"og:locale\" content=\"en_US\" \/>\n<meta property=\"og:type\" content=\"article\" \/>\n<meta property=\"og:title\" content=\"LilScope Linsenset pro\" \/>\n<meta property=\"og:description\" content=\"Das Handy Makro-Linsenset pro besteht aus 2 Linsen (5x und 10x).\" \/>\n<meta property=\"og:url\" content=\"https:\/\/lilscope.com\/en\/product\/lilscope-linsenset-pro\/\" \/>\n<meta property=\"article:publisher\" content=\"https:\/\/www.facebook.com\/LilScope-367872763862344\" \/>\n<meta property=\"article:modified_time\" content=\"2023-02-07T14:26:48+00:00\" \/>\n<meta property=\"og:image\" content=\"https:\/\/lilscope.com\/wp-content\/uploads\/2023\/02\/20221125_092340-bearbeitet-scaled.jpg\" \/>\n\t<meta property=\"og:image:width\" content=\"2560\" \/>\n\t<meta property=\"og:image:height\" content=\"1937\" \/>\n\t<meta property=\"og:image:type\" content=\"image\/jpeg\" \/>\n<meta name=\"twitter:card\" content=\"summary_large_image\" \/>\n<meta name=\"twitter:label1\" content=\"Price\" \/>\n\t<meta name=\"twitter:data1\" content=\"47,95&nbsp;&euro;\" \/>\n\t<meta name=\"twitter:label2\" content=\"Availability\" \/>\n\t<meta name=\"twitter:data2\" content=\"In stock\" \/>\n<script type=\"application\/ld+json\" class=\"yoast-schema-graph\">{\"@context\":\"https:\/\/schema.org\",\"@graph\":[{\"@type\":\"WebPage\",\"@id\":\"https:\/\/lilscope.com\/produkt\/lilscope-linsenset-pro\/\",\"url\":\"https:\/\/lilscope.com\/produkt\/lilscope-linsenset-pro\/\",\"name\":\"LilScope Linsenset pro -\",\"isPartOf\":{\"@id\":\"https:\/\/lilscope.com\/#website\"},\"primaryImageOfPage\":{\"@id\":\"https:\/\/lilscope.com\/produkt\/lilscope-linsenset-pro\/#primaryimage\"},\"image\":{\"@id\":\"https:\/\/lilscope.com\/produkt\/lilscope-linsenset-pro\/#primaryimage\"},\"thumbnailUrl\":\"https:\/\/lilscope.com\/wp-content\/uploads\/2023\/02\/20221125_092340-bearbeitet-scaled.jpg\",\"datePublished\":\"2020-07-06T16:01:31+00:00\",\"dateModified\":\"2023-02-07T14:26:48+00:00\",\"breadcrumb\":{\"@id\":\"https:\/\/lilscope.com\/produkt\/lilscope-linsenset-pro\/#breadcrumb\"},\"inLanguage\":\"en-US\",\"potentialAction\":[{\"@type\":\"ReadAction\",\"target\":[\"https:\/\/lilscope.com\/produkt\/lilscope-linsenset-pro\/\"]}]},{\"@type\":\"ImageObject\",\"inLanguage\":\"en-US\",\"@id\":\"https:\/\/lilscope.com\/produkt\/lilscope-linsenset-pro\/#primaryimage\",\"url\":\"https:\/\/lilscope.com\/wp-content\/uploads\/2023\/02\/20221125_092340-bearbeitet-scaled.jpg\",\"contentUrl\":\"https:\/\/lilscope.com\/wp-content\/uploads\/2023\/02\/20221125_092340-bearbeitet-scaled.jpg\",\"width\":2560,\"height\":1937},{\"@type\":\"BreadcrumbList\",\"@id\":\"https:\/\/lilscope.com\/produkt\/lilscope-linsenset-pro\/#breadcrumb\",\"itemListElement\":[{\"@type\":\"ListItem\",\"position\":1,\"name\":\"Startseite\",\"item\":\"https:\/\/lilscope.com\/\"},{\"@type\":\"ListItem\",\"position\":2,\"name\":\"Shop\",\"item\":\"https:\/\/lilscope.com\/shop\/\"},{\"@type\":\"ListItem\",\"position\":3,\"name\":\"LilScope Linsenset pro\"}]},{\"@type\":\"WebSite\",\"@id\":\"https:\/\/lilscope.com\/#website\",\"url\":\"https:\/\/lilscope.com\/\",\"name\":\"lilscope\",\"description\":\"Makro-Linsen f\u00fcr Smartphones\",\"publisher\":{\"@id\":\"https:\/\/lilscope.com\/#organization\"},\"potentialAction\":[{\"@type\":\"SearchAction\",\"target\":{\"@type\":\"EntryPoint\",\"urlTemplate\":\"https:\/\/lilscope.com\/?s={search_term_string}\"},\"query-input\":{\"@type\":\"PropertyValueSpecification\",\"valueRequired\":true,\"valueName\":\"search_term_string\"}}],\"inLanguage\":\"en-US\"},{\"@type\":\"Organization\",\"@id\":\"https:\/\/lilscope.com\/#organization\",\"name\":\"Lilscope\",\"url\":\"https:\/\/lilscope.com\/\",\"logo\":{\"@type\":\"ImageObject\",\"inLanguage\":\"en-US\",\"@id\":\"https:\/\/lilscope.com\/#\/schema\/logo\/image\/\",\"url\":\"https:\/\/lilscope.com\/wp-content\/uploads\/2020\/05\/cropped-BannerLilscopeBlau.png\",\"contentUrl\":\"https:\/\/lilscope.com\/wp-content\/uploads\/2020\/05\/cropped-BannerLilscopeBlau.png\",\"width\":1087,\"height\":324,\"caption\":\"Lilscope\"},\"image\":{\"@id\":\"https:\/\/lilscope.com\/#\/schema\/logo\/image\/\"},\"sameAs\":[\"https:\/\/www.facebook.com\/LilScope-367872763862344\",\"https:\/\/www.instagram.com\/lilscopia\/\",\"https:\/\/www.pinterest.com\/lilscopia\/\"]}]}<\/script>\n<meta property=\"product:price:amount\" content=\"47.95\" \/>\n<meta property=\"product:price:currency\" content=\"EUR\" \/>\n<meta property=\"og:availability\" content=\"instock\" \/>\n<meta property=\"product:availability\" content=\"instock\" \/>\n<meta property=\"product:condition\" content=\"new\" \/>\n<!-- \/ Yoast SEO Premium plugin. -->","yoast_head_json":{"title":"LilScope Linsenset pro -","robots":{"index":"index","follow":"follow","max-snippet":"max-snippet:-1","max-image-preview":"max-image-preview:large","max-video-preview":"max-video-preview:-1"},"canonical":"https:\/\/lilscope.com\/en\/product\/lilscope-linsenset-pro\/","og_locale":"en_US","og_type":"article","og_title":"LilScope Linsenset pro","og_description":"Das Handy Makro-Linsenset pro besteht aus 2 Linsen (5x und 10x).","og_url":"https:\/\/lilscope.com\/en\/product\/lilscope-linsenset-pro\/","article_publisher":"https:\/\/www.facebook.com\/LilScope-367872763862344","article_modified_time":"2023-02-07T14:26:48+00:00","og_image":[{"width":2560,"height":1937,"url":"https:\/\/lilscope.com\/wp-content\/uploads\/2023\/02\/20221125_092340-bearbeitet-scaled.jpg","type":"image\/jpeg"}],"twitter_card":"summary_large_image","twitter_misc":{"Price":"47,95&nbsp;&euro;","Availability":"In stock"},"schema":{"@context":"https:\/\/schema.org","@graph":[{"@type":"WebPage","@id":"https:\/\/lilscope.com\/produkt\/lilscope-linsenset-pro\/","url":"https:\/\/lilscope.com\/produkt\/lilscope-linsenset-pro\/","name":"LilScope Linsenset pro -","isPartOf":{"@id":"https:\/\/lilscope.com\/#website"},"primaryImageOfPage":{"@id":"https:\/\/lilscope.com\/produkt\/lilscope-linsenset-pro\/#primaryimage"},"image":{"@id":"https:\/\/lilscope.com\/produkt\/lilscope-linsenset-pro\/#primaryimage"},"thumbnailUrl":"https:\/\/lilscope.com\/wp-content\/uploads\/2023\/02\/20221125_092340-bearbeitet-scaled.jpg","datePublished":"2020-07-06T16:01:31+00:00","dateModified":"2023-02-07T14:26:48+00:00","breadcrumb":{"@id":"https:\/\/lilscope.com\/produkt\/lilscope-linsenset-pro\/#breadcrumb"},"inLanguage":"en-US","potentialAction":[{"@type":"ReadAction","target":["https:\/\/lilscope.com\/produkt\/lilscope-linsenset-pro\/"]}]},{"@type":"ImageObject","inLanguage":"en-US","@id":"https:\/\/lilscope.com\/produkt\/lilscope-linsenset-pro\/#primaryimage","url":"https:\/\/lilscope.com\/wp-content\/uploads\/2023\/02\/20221125_092340-bearbeitet-scaled.jpg","contentUrl":"https:\/\/lilscope.com\/wp-content\/uploads\/2023\/02\/20221125_092340-bearbeitet-scaled.jpg","width":2560,"height":1937},{"@type":"BreadcrumbList","@id":"https:\/\/lilscope.com\/produkt\/lilscope-linsenset-pro\/#breadcrumb","itemListElement":[{"@type":"ListItem","position":1,"name":"Startseite","item":"https:\/\/lilscope.com\/"},{"@type":"ListItem","position":2,"name":"Shop","item":"https:\/\/lilscope.com\/shop\/"},{"@type":"ListItem","position":3,"name":"LilScope Linsenset pro"}]},{"@type":"WebSite","@id":"https:\/\/lilscope.com\/#website","url":"https:\/\/lilscope.com\/","name":"lilscope","description":"Makro-Linsen f\u00fcr Smartphones","publisher":{"@id":"https:\/\/lilscope.com\/#organization"},"potentialAction":[{"@type":"SearchAction","target":{"@type":"EntryPoint","urlTemplate":"https:\/\/lilscope.com\/?s={search_term_string}"},"query-input":{"@type":"PropertyValueSpecification","valueRequired":true,"valueName":"search_term_string"}}],"inLanguage":"en-US"},{"@type":"Organization","@id":"https:\/\/lilscope.com\/#organization","name":"Lilscope","url":"https:\/\/lilscope.com\/","logo":{"@type":"ImageObject","inLanguage":"en-US","@id":"https:\/\/lilscope.com\/#\/schema\/logo\/image\/","url":"https:\/\/lilscope.com\/wp-content\/uploads\/2020\/05\/cropped-BannerLilscopeBlau.png","contentUrl":"https:\/\/lilscope.com\/wp-content\/uploads\/2020\/05\/cropped-BannerLilscopeBlau.png","width":1087,"height":324,"caption":"Lilscope"},"image":{"@id":"https:\/\/lilscope.com\/#\/schema\/logo\/image\/"},"sameAs":["https:\/\/www.facebook.com\/LilScope-367872763862344","https:\/\/www.instagram.com\/lilscopia\/","https:\/\/www.pinterest.com\/lilscopia\/"]}]},"product_price_amount":"47.95","product_price_currency":"EUR","og_availability":"instock","product_availability":"instock","product_condition":"new"},"jetpack_sharing_enabled":true,"_links":{"self":[{"href":"https:\/\/lilscope.com\/en\/wp-json\/wp\/v2\/product\/1501","targetHints":{"allow":["GET"]}}],"collection":[{"href":"https:\/\/lilscope.com\/en\/wp-json\/wp\/v2\/product"}],"about":[{"href":"https:\/\/lilscope.com\/en\/wp-json\/wp\/v2\/types\/product"}],"wp:featuredmedia":[{"embeddable":true,"href":"https:\/\/lilscope.com\/en\/wp-json\/wp\/v2\/media\/2765"}],"wp:attachment":[{"href":"https:\/\/lilscope.com\/en\/wp-json\/wp\/v2\/media?parent=1501"}],"wp:term":[{"taxonomy":"product_brand","embeddable":true,"href":"https:\/\/lilscope.com\/en\/wp-json\/wp\/v2\/product_brand?post=1501"},{"taxonomy":"product_cat","embeddable":true,"href":"https:\/\/lilscope.com\/en\/wp-json\/wp\/v2\/product_cat?post=1501"},{"taxonomy":"product_tag","embeddable":true,"href":"https:\/\/lilscope.com\/en\/wp-json\/wp\/v2\/product_tag?post=1501"}],"curies":[{"name":"wp","href":"https:\/\/api.w.org\/{rel}","templated":true}]}}