{"id":970,"date":"2020-05-24T19:32:15","date_gmt":"2020-05-24T17:32:15","guid":{"rendered":"http:\/\/lilscope.com\/?page_id=970"},"modified":"2020-07-18T19:20:14","modified_gmt":"2020-07-18T17:20:14","slug":"agbs","status":"publish","type":"page","link":"https:\/\/lilscope.com\/en\/agbs\/","title":{"rendered":"Privacy policy"},"content":{"rendered":"<div data-elementor-type=\"wp-page\" data-elementor-id=\"970\" class=\"elementor elementor-970\" data-elementor-post-type=\"page\">\n\t\t\t\t\t\t<section class=\"elementor-section elementor-top-section elementor-element elementor-element-14bd27a elementor-section-boxed elementor-section-height-default elementor-section-height-default\" data-id=\"14bd27a\" data-element_type=\"section\">\n\t\t\t\t\t\t<div class=\"elementor-container elementor-column-gap-default\">\n\t\t\t\t\t<div class=\"elementor-column elementor-col-100 elementor-top-column elementor-element elementor-element-3ad9e14\" data-id=\"3ad9e14\" data-element_type=\"column\">\n\t\t\t<div class=\"elementor-widget-wrap elementor-element-populated\">\n\t\t\t\t\t\t<div class=\"elementor-element elementor-element-d4e53ff elementor-widget elementor-widget-text-editor\" data-id=\"d4e53ff\" data-element_type=\"widget\" data-widget_type=\"text-editor.default\">\n\t\t\t\t<div class=\"elementor-widget-container\">\n\t\t\t\t\t\t\t\t\t<p><strong>Allgemeine Gesch\u00e4ftsbedingungen<\/strong><\/p><p><strong>1.\u00a0Geltungsbereich<\/strong><\/p><p>F\u00fcr alle Bestellungen \u00fcber unseren Online-Shop gelten die nachfolgenden AGB. Unser Online-Shop richtet sich ausschlie\u00dflich an Verbraucher.<\/p><p>Verbraucher ist jede nat\u00fcrliche Person, die ein Rechtsgesch\u00e4ft zu Zwecken abschlie\u00dft, die \u00fcberwiegend weder ihrer gewerblichen noch ihrer selbst\u00e4ndigen beruflichen T\u00e4tigkeit zugerechnet werden k\u00f6nnen. Unternehmer ist eine nat\u00fcrliche oder juristische Person oder eine rechtsf\u00e4hige Personengesellschaft, die bei Abschluss eines Rechtsgesch\u00e4fts in Aus\u00fcbung ihrer gewerblichen oder selbst\u00e4ndigen beruflichen T\u00e4tigkeit handelt.<\/p><p><strong>2.\u00a0Vertragspartner, Vertragsschluss, Korrekturm\u00f6glichkeiten<\/strong><\/p><p>Der Kaufvertrag kommt zustande mit LilScope.<\/p><p>Mit Einstellung der Produkte in den Online-Shop geben wir ein verbindliches Angebot zum Vertragsschluss \u00fcber diese Artikel ab. Sie k\u00f6nnen unsere Produkte zun\u00e4chst unverbindlich in den Warenkorb legen und Ihre Eingaben vor Absenden Ihrer verbindlichen Bestellung jederzeit korrigieren, indem Sie die hierf\u00fcr im Bestellablauf vorgesehenen und erl\u00e4uterten Korrekturhilfen nutzen. Der Vertrag kommt zustande, indem Sie durch Anklicken des Bestellbuttons das Angebot \u00fcber die im Warenkorb enthaltenen Waren annehmen. Unmittelbar nach dem Absenden der Bestellung erhalten Sie noch einmal eine Best\u00e4tigung per E-Mail.<\/p><p><strong>3.\u00a0Vertragssprache, Vertragstextspeicherung<\/strong><\/p><p>Die f\u00fcr den Vertragsschluss zur Verf\u00fcgung stehende(n) Sprache(n): Deutsch<\/p><p>Wir speichern den Vertragstext und senden Ihnen die Bestelldaten und unsere AGB in Textform zu. Den Vertragstext k\u00f6nnen Sie in unserem Kunden-Login einsehen.<\/p><p><strong>4.\u00a0Lieferbedingungen<\/strong><\/p><p>Zuz\u00fcglich zu den angegebenen Produktpreisen kommen noch Versandkosten hinzu. N\u00e4heres zur H\u00f6he der Versandkosten erfahren Sie bei den Angeboten.<\/p><p>Wir liefern nur im Versandweg. Eine Selbstabholung der Ware ist leider nicht m\u00f6glich.<\/p><p><strong>5.\u00a0Bezahlung<\/strong><\/p><p>In unserem Shop stehen Ihnen grunds\u00e4tzlich die folgenden Zahlungsarten zur Verf\u00fcgung:<\/p><p><strong>PayPal, PayPal Express<\/strong><br \/>Im Bestellprozess werden Sie auf die Webseite des Online-Anbieters PayPal weitergeleitet. Um den Rechnungsbetrag \u00fcber PayPal bezahlen zu k\u00f6nnen, m\u00fcssen Sie dort registriert sein bzw. sich erst registrieren, mit Ihren Zugangsdaten legitimieren und die Zahlungsanweisung an uns best\u00e4tigen. Nach Abgabe der Bestellung im Shop fordern wir PayPal zur Einleitung der Zahlungstransaktion auf. Die Zahlungstransaktion wird durch PayPal unmittelbar danach automatisch durchgef\u00fchrt. Weitere Hinweise erhalten Sie beim Bestellvorgang.<\/p><p><strong>PayPal Plus<\/strong><br \/>Im Rahmen des Zahlungsdienstes PayPal Plus bieten wir Ihnen verschiedene Zahlungsmethoden als PayPal Services an. Sie werden auf die Webseite des Online-Anbieters PayPal weitergeleitet. Dort k\u00f6nnen Sie Ihre Zahlungsdaten angeben, die Verwendung Ihrer Daten durch PayPal und die Zahlungsanweisung an PayPal best\u00e4tigen.<\/p><p>Wenn Sie die Zahlungsart\u00a0<strong>PayPal<\/strong>\u00a0gew\u00e4hlt haben, m\u00fcssen Sie, um den Rechnungsbetrag bezahlen zu k\u00f6nnen, dort registriert sein bzw. sich erst registrieren und mit Ihren Zugangsdaten legitimieren. Die Zahlungstransaktion wird von PayPal unmittelbar nach Best\u00e4tigung der Zahlungsanweisung automatisch durchgef\u00fchrt. Weitere Hinweise erhalten Sie beim Bestellvorgang.<\/p><p><strong>Kreditkarte \u00fcber PayPal<\/strong><br \/>Wenn Sie die Zahlungsart Kreditkarte gew\u00e4hlt haben, m\u00fcssen Sie, um den Rechnungsbetrag bezahlen zu k\u00f6nnen, bei PayPal nicht registriert sein. Die Zahlungstransaktion wird unmittelbar nach Best\u00e4tigung der Zahlungsanweisung und nach Ihrer Legitimation als rechtm\u00e4\u00dfiger Karteninhaber von Ihrem Kreditkartenunternehmen auf Aufforderung von PayPal durchgef\u00fchrt und Ihre Karte belastet. Weitere Hinweise erhalten Sie beim Bestellvorgang.<\/p><p><strong>Lastschrift via PayPal<\/strong><br \/>Wenn Sie die Zahlungsart Lastschrift gew\u00e4hlt haben, m\u00fcssen Sie, um den Rechnungsbetrag bezahlen zu k\u00f6nnen, bei PayPal nicht registriert sein. Mit Best\u00e4tigung der Zahlungsanweisung erteilen Sie PayPal ein Lastschriftmandat. \u00dcber das Datum der Kontobelastung werden Sie von PayPal informiert (sog. Prenotification). Unter Einreichung des Lastschriftmandats unmittelbar nach Best\u00e4tigung der Zahlungsanweisung fordert PayPal seine Bank zur Einleitung der Zahlungstransaktion auf. Die Zahlungstransaktion wird durchgef\u00fchrt und Ihr Konto belastet. Weitere Hinweise erhalten Sie beim Bestellvorgang.<\/p><p><strong>Rechnung via PayPal<\/strong><br \/>Wenn Sie die Zahlungsart Rechnung gew\u00e4hlt haben, m\u00fcssen Sie, um den Rechnungsbetrag bezahlen zu k\u00f6nnen, bei PayPal nicht registriert sein. Nach erfolgreicher Adress- und Bonit\u00e4tspr\u00fcfung und Abgabe der Bestellung treten wir unsere Forderung an PayPal ab. Sie k\u00f6nnen in diesem Fall nur an PayPal mit schuldbefreiender Wirkung leisten. F\u00fcr die Zahlungsabwicklung \u00fcber PayPal gelten \u2013 erg\u00e4nzend zu unseren AGB \u2013 die AGB und die Datenschutzerkl\u00e4rung von PayPal. Weitere Informationen und die vollst\u00e4ndigen AGB von PayPal zum Rechnungskauf finden Sie\u00a0<a href=\"https:\/\/www.paypal.com\/de\/webapps\/mpp\/ua\/pui-terms?locale.x=de_DE\" target=\"_blank\" rel=\"noopener\">hier<\/a>.<\/p><p><strong>Amazon Pay<\/strong><br \/>Im Bestellprozess werden Sie auf die Webseite des Online-Anbieters Amazon noch vor Abschluss des Bestellvorganges in unserem Online-Shop weitergeleitet. Um \u00fcber Amazon den Bestellprozess abwickeln und den Rechnungsbetrag bezahlen zu k\u00f6nnen, m\u00fcssen Sie dort registriert sein bzw. sich erst registrieren und mit Ihren Zugangsdaten legitimieren. Dort k\u00f6nnen Sie die bei Amazon gespeicherte Lieferadresse und Zahlungsmethode w\u00e4hlen, die Verwendung Ihrer Daten durch Amazon und die Zahlungsanweisung an uns best\u00e4tigen. Anschlie\u00dfend werden Sie zu unserem Online-Shop zur\u00fcckgeleitet, wo Sie den Bestellvorgang abschlie\u00dfen k\u00f6nnen.<\/p><p>Unmittelbar nach Versendung der Ware fordern wir Amazon zur Einleitung der Zahlungstransaktion auf. Die Zahlungstransaktion wird durch Amazon automatisch durchgef\u00fchrt. Weitere Hinweise erhalten Sie beim Bestellvorgang.<\/p><p><strong>6.\u00a0Eigentumsvorbehalt<\/strong><\/p><p>Die Ware bleibt bis zur vollst\u00e4ndigen Bezahlung unser Eigentum.<\/p><p><strong>7.\u00a0Transportsch\u00e4den<\/strong><\/p><p>Werden Waren mit offensichtlichen Transportsch\u00e4den angeliefert, so reklamieren Sie solche Fehler bitte m\u00f6glichst sofort beim Zusteller und nehmen Sie bitte unverz\u00fcglich Kontakt zu uns auf. Die Vers\u00e4umung einer Reklamation oder Kontaktaufnahme hat f\u00fcr Ihre gesetzlichen Anspr\u00fcche und deren Durchsetzung, insbesondere Ihre Gew\u00e4hrleistungsrechte, keinerlei Konsequenzen. Sie helfen uns aber, unsere eigenen Anspr\u00fcche gegen\u00fcber dem Frachtf\u00fchrer bzw. der Transportversicherung geltend machen zu k\u00f6nnen.<\/p><p><strong>8.\u00a0Gew\u00e4hrleistung und Garantien<\/strong><\/p><p>Soweit nicht nachstehend ausdr\u00fccklich anders vereinbart, gilt das gesetzliche M\u00e4ngelhaftungsrecht.<br \/>Bei gebrauchten Waren gilt: wenn der Mangel nach Ablauf eines Jahres ab Ablieferung der Ware auftritt, sind die M\u00e4ngelanspr\u00fcche ausgeschlossen. M\u00e4ngel, die innerhalb eines Jahres ab Ablieferung der Ware auftreten, k\u00f6nnen im Rahmen der gesetzlichen Verj\u00e4hrungsfrist von zwei Jahren ab Ablieferung der Ware geltend gemacht werden.<br \/>Die vorstehenden Einschr\u00e4nkungen und Fristverk\u00fcrzungen gelten nicht f\u00fcr Anspr\u00fcche aufgrund von Sch\u00e4den, die durch uns, unsere gesetzlichen Vertreter oder Erf\u00fcllungsgehilfen verursacht wurden<br \/>\u2022 bei Verletzung des Lebens, des K\u00f6rpers oder der Gesundheit<br \/>\u2022 bei vors\u00e4tzlicher oder grob fahrl\u00e4ssiger Pflichtverletzung sowie Arglist<br \/>\u2022 bei Verletzung wesentlicher Vertragspflichten, deren Erf\u00fcllung die ordnungsgem\u00e4\u00dfe Durchf\u00fchrung des Vertrages \u00fcberhaupt erst erm\u00f6glicht und auf deren Einhaltung der Vertragspartner regelm\u00e4\u00dfig vertrauen darf (Kardinalpflichten)<br \/>\u2022 im Rahmen eines Garantieversprechens, soweit vereinbart oder<br \/>\u2022 soweit der Anwendungsbereich des Produkthaftungsgesetzes er\u00f6ffnet ist.<br \/>Informationen zu gegebenenfalls geltenden zus\u00e4tzlichen Garantien und deren genaue Bedingungen finden Sie jeweils beim Produkt und auf besonderen Informationsseiten im Online-Shop.<\/p><p><strong>9.\u00a0Haftung<\/strong><\/p><p>F\u00fcr Anspr\u00fcche aufgrund von Sch\u00e4den, die durch uns, unsere gesetzlichen Vertreter oder Erf\u00fcllungsgehilfen verursacht wurden, haften wir stets unbeschr\u00e4nkt<br \/>\u2022 bei Verletzung des Lebens, des K\u00f6rpers oder der Gesundheit<br \/>\u2022 bei vors\u00e4tzlicher oder grob fahrl\u00e4ssiger Pflichtverletzung<br \/>\u2022 bei Garantieversprechen, soweit vereinbart, oder<br \/>\u2022 soweit der Anwendungsbereich des Produkthaftungsgesetzes er\u00f6ffnet ist.<br \/>Bei Verletzung wesentlicher Vertragspflichten, deren Erf\u00fcllung die ordnungsgem\u00e4\u00dfe Durchf\u00fchrung des Vertrages \u00fcberhaupt erst erm\u00f6glicht und auf deren Einhaltung der Vertragspartner regelm\u00e4\u00dfig vertrauen darf, (Kardinalpflichten) durch leichte Fahrl\u00e4ssigkeit von uns, unseren gesetzlichen Vertretern oder Erf\u00fcllungsgehilfen ist die Haftung der H\u00f6he nach auf den bei Vertragsschluss vorhersehbaren Schaden begrenzt, mit dessen Entstehung typischerweise gerechnet werden muss.<br \/>Im \u00dcbrigen sind Anspr\u00fcche auf Schadensersatz ausgeschlossen.<\/p><p><strong>10.\u00a0Streitbeilegung<\/strong><\/p><p>Die Europ\u00e4ische Kommission stellt eine Plattform zur Online-Streitbeilegung (OS) bereit, die Sie\u00a0<a href=\"https:\/\/ec.europa.eu\/consumers\/odr\/\" target=\"_blank\" rel=\"noopener\">hier<\/a>\u00a0finden. Verbraucher haben die M\u00f6glichkeit, diese Plattform f\u00fcr die Beilegung ihrer Streitigkeiten zu nutzen.<\/p><p>Zur Beilegung von Streitigkeiten aus einem Vertragsverh\u00e4ltnis mit einem Verbraucher bzw. dar\u00fcber, ob ein solches Vertragsverh\u00e4ltnis \u00fcberhaupt besteht, sind wir zur Teilnahme an Streitbeilegungsverfahren vor einer Verbraucherschlichtungsstelle verpflichtet. Zust\u00e4ndig ist die Universalschlichtungsstelle des Bundes am Zentrum f\u00fcr Schlichtung e.V., Stra\u00dfburger Stra\u00dfe 8, 77694 Kehl am Rhein,\u00a0<a href=\"http:\/\/www.universalschlichtungsstelle.de\/\" target=\"_blank\" rel=\"noopener\">www.universalschlichtungsstelle.de<\/a>. An einem Streitbeilegungsverfahren vor dieser Stelle werden wir teilnehmen.<\/p>\t\t\t\t\t\t\t\t<\/div>\n\t\t\t\t<\/div>\n\t\t\t\t\t<\/div>\n\t\t<\/div>\n\t\t\t\t\t<\/div>\n\t\t<\/section>\n\t\t\t\t<\/div>","protected":false},"excerpt":{"rendered":"<p>Allgemeine Gesch\u00e4ftsbedingungen 1.&nbsp;Geltungsbereich F\u00fcr alle Bestellungen \u00fcber unseren Online-Shop gelten die nachfolgenden AGB. Unser Online-Shop richtet sich ausschlie\u00dflich an Verbraucher. Verbraucher ist jede nat\u00fcrliche Person, die ein Rechtsgesch\u00e4ft zu Zwecken abschlie\u00dft, die \u00fcberwiegend weder ihrer gewerblichen noch ihrer selbst\u00e4ndigen beruflichen T\u00e4tigkeit zugerechnet werden k\u00f6nnen. Unternehmer ist eine nat\u00fcrliche oder juristische Person oder eine rechtsf\u00e4hige Personengesellschaft, [&hellip;]<\/p>","protected":false},"author":3,"featured_media":0,"parent":0,"menu_order":0,"comment_status":"closed","ping_status":"closed","template":"","meta":{"_monsterinsights_skip_tracking":false,"_monsterinsights_sitenote_active":false,"_monsterinsights_sitenote_note":"","_monsterinsights_sitenote_category":0,"_uf_show_specific_survey":0,"_uf_disable_surveys":false,"site-sidebar-layout":"no-sidebar","site-content-layout":"page-builder","ast-site-content-layout":"","site-content-style":"default","site-sidebar-style":"default","ast-global-header-display":"","ast-banner-title-visibility":"","ast-main-header-display":"","ast-hfb-above-header-display":"","ast-hfb-below-header-display":"","ast-hfb-mobile-header-display":"","site-post-title":"disabled","ast-breadcrumbs-content":"","ast-featured-img":"disabled","footer-sml-layout":"","theme-transparent-header-meta":"default","adv-header-id-meta":"","stick-header-meta":"","header-above-stick-meta":"","header-main-stick-meta":"","header-below-stick-meta":"","astra-migrate-meta-layouts":"default","ast-page-background-enabled":"default","ast-page-background-meta":{"desktop":{"background-color":"","background-image":"","background-repeat":"repeat","background-position":"center center","background-size":"auto","background-attachment":"scroll","background-type":"","background-media":"","overlay-type":"","overlay-color":"","overlay-gradient":""},"tablet":{"background-color":"","background-image":"","background-repeat":"repeat","background-position":"center center","background-size":"auto","background-attachment":"scroll","background-type":"","background-media":"","overlay-type":"","overlay-color":"","overlay-gradient":""},"mobile":{"background-color":"","background-image":"","background-repeat":"repeat","background-position":"center center","background-size":"auto","background-attachment":"scroll","background-type":"","background-media":"","overlay-type":"","overlay-color":"","overlay-gradient":""}},"ast-content-background-meta":{"desktop":{"background-color":"var(--ast-global-color-5)","background-image":"","background-repeat":"repeat","background-position":"center center","background-size":"auto","background-attachment":"scroll","background-type":"","background-media":"","overlay-type":"","overlay-color":"","overlay-gradient":""},"tablet":{"background-color":"var(--ast-global-color-5)","background-image":"","background-repeat":"repeat","background-position":"center center","background-size":"auto","background-attachment":"scroll","background-type":"","background-media":"","overlay-type":"","overlay-color":"","overlay-gradient":""},"mobile":{"background-color":"var(--ast-global-color-5)","background-image":"","background-repeat":"repeat","background-position":"center center","background-size":"auto","background-attachment":"scroll","background-type":"","background-media":"","overlay-type":"","overlay-color":"","overlay-gradient":""}},"footnotes":""},"class_list":["post-970","page","type-page","status-publish","hentry"],"yoast_head":"<!-- This site is optimized with the Yoast SEO Premium plugin v24.4 (Yoast SEO v24.4) - https:\/\/yoast.com\/wordpress\/plugins\/seo\/ -->\n<title>AGB -<\/title>\n<meta name=\"description\" content=\"AGB: Hier findst du unsere Allgemeinen Gesch\u00e4ftsbedingungen.\" \/>\n<meta name=\"robots\" content=\"noindex, nofollow\" \/>\n<meta property=\"og:locale\" content=\"en_US\" \/>\n<meta property=\"og:type\" content=\"article\" \/>\n<meta property=\"og:title\" content=\"AGB\" \/>\n<meta property=\"og:description\" content=\"Allgemeine Gesch\u00e4ftsbedingungen 1.&nbsp;Geltungsbereich F\u00fcr alle Bestellungen \u00fcber unseren Online-Shop gelten die nachfolgenden AGB. Unser Online-Shop\" \/>\n<meta property=\"og:url\" content=\"https:\/\/lilscope.com\/en\/agbs\/\" \/>\n<meta property=\"article:publisher\" content=\"https:\/\/www.facebook.com\/LilScope-367872763862344\" \/>\n<meta property=\"article:modified_time\" content=\"2020-07-18T17:20:14+00:00\" \/>\n<meta name=\"twitter:card\" content=\"summary_large_image\" \/>\n<meta name=\"twitter:label1\" content=\"Est. reading time\" \/>\n\t<meta name=\"twitter:data1\" content=\"6 minutes\" \/>\n<script type=\"application\/ld+json\" class=\"yoast-schema-graph\">{\"@context\":\"https:\/\/schema.org\",\"@graph\":[{\"@type\":\"WebPage\",\"@id\":\"https:\/\/lilscope.com\/agbs\/\",\"url\":\"https:\/\/lilscope.com\/agbs\/\",\"name\":\"AGB -\",\"isPartOf\":{\"@id\":\"https:\/\/lilscope.com\/#website\"},\"datePublished\":\"2020-05-24T17:32:15+00:00\",\"dateModified\":\"2020-07-18T17:20:14+00:00\",\"description\":\"AGB: Hier findst du unsere Allgemeinen Gesch\u00e4ftsbedingungen.\",\"breadcrumb\":{\"@id\":\"https:\/\/lilscope.com\/agbs\/#breadcrumb\"},\"inLanguage\":\"en-US\",\"potentialAction\":[{\"@type\":\"ReadAction\",\"target\":[\"https:\/\/lilscope.com\/agbs\/\"]}]},{\"@type\":\"BreadcrumbList\",\"@id\":\"https:\/\/lilscope.com\/agbs\/#breadcrumb\",\"itemListElement\":[{\"@type\":\"ListItem\",\"position\":1,\"name\":\"Startseite\",\"item\":\"https:\/\/lilscope.com\/\"},{\"@type\":\"ListItem\",\"position\":2,\"name\":\"AGB\"}]},{\"@type\":\"WebSite\",\"@id\":\"https:\/\/lilscope.com\/#website\",\"url\":\"https:\/\/lilscope.com\/\",\"name\":\"lilscope\",\"description\":\"Makro-Linsen f\u00fcr Smartphones\",\"publisher\":{\"@id\":\"https:\/\/lilscope.com\/#organization\"},\"potentialAction\":[{\"@type\":\"SearchAction\",\"target\":{\"@type\":\"EntryPoint\",\"urlTemplate\":\"https:\/\/lilscope.com\/?s={search_term_string}\"},\"query-input\":{\"@type\":\"PropertyValueSpecification\",\"valueRequired\":true,\"valueName\":\"search_term_string\"}}],\"inLanguage\":\"en-US\"},{\"@type\":\"Organization\",\"@id\":\"https:\/\/lilscope.com\/#organization\",\"name\":\"Lilscope\",\"url\":\"https:\/\/lilscope.com\/\",\"logo\":{\"@type\":\"ImageObject\",\"inLanguage\":\"en-US\",\"@id\":\"https:\/\/lilscope.com\/#\/schema\/logo\/image\/\",\"url\":\"https:\/\/lilscope.com\/wp-content\/uploads\/2020\/05\/cropped-BannerLilscopeBlau.png\",\"contentUrl\":\"https:\/\/lilscope.com\/wp-content\/uploads\/2020\/05\/cropped-BannerLilscopeBlau.png\",\"width\":1087,\"height\":324,\"caption\":\"Lilscope\"},\"image\":{\"@id\":\"https:\/\/lilscope.com\/#\/schema\/logo\/image\/\"},\"sameAs\":[\"https:\/\/www.facebook.com\/LilScope-367872763862344\",\"https:\/\/www.instagram.com\/lilscopia\/\",\"https:\/\/www.pinterest.com\/lilscopia\/\"]}]}<\/script>\n<!-- \/ Yoast SEO Premium plugin. -->","yoast_head_json":{"title":"AGB -","description":"AGB: Hier findst du unsere Allgemeinen Gesch\u00e4ftsbedingungen.","robots":{"index":"noindex","follow":"nofollow"},"og_locale":"en_US","og_type":"article","og_title":"AGB","og_description":"Allgemeine Gesch\u00e4ftsbedingungen 1.&nbsp;Geltungsbereich F\u00fcr alle Bestellungen \u00fcber unseren Online-Shop gelten die nachfolgenden AGB. Unser Online-Shop","og_url":"https:\/\/lilscope.com\/en\/agbs\/","article_publisher":"https:\/\/www.facebook.com\/LilScope-367872763862344","article_modified_time":"2020-07-18T17:20:14+00:00","twitter_card":"summary_large_image","twitter_misc":{"Est. reading time":"6 minutes"},"schema":{"@context":"https:\/\/schema.org","@graph":[{"@type":"WebPage","@id":"https:\/\/lilscope.com\/agbs\/","url":"https:\/\/lilscope.com\/agbs\/","name":"AGB -","isPartOf":{"@id":"https:\/\/lilscope.com\/#website"},"datePublished":"2020-05-24T17:32:15+00:00","dateModified":"2020-07-18T17:20:14+00:00","description":"AGB: Hier findst du unsere Allgemeinen Gesch\u00e4ftsbedingungen.","breadcrumb":{"@id":"https:\/\/lilscope.com\/agbs\/#breadcrumb"},"inLanguage":"en-US","potentialAction":[{"@type":"ReadAction","target":["https:\/\/lilscope.com\/agbs\/"]}]},{"@type":"BreadcrumbList","@id":"https:\/\/lilscope.com\/agbs\/#breadcrumb","itemListElement":[{"@type":"ListItem","position":1,"name":"Startseite","item":"https:\/\/lilscope.com\/"},{"@type":"ListItem","position":2,"name":"AGB"}]},{"@type":"WebSite","@id":"https:\/\/lilscope.com\/#website","url":"https:\/\/lilscope.com\/","name":"lilscope","description":"Makro-Linsen f\u00fcr Smartphones","publisher":{"@id":"https:\/\/lilscope.com\/#organization"},"potentialAction":[{"@type":"SearchAction","target":{"@type":"EntryPoint","urlTemplate":"https:\/\/lilscope.com\/?s={search_term_string}"},"query-input":{"@type":"PropertyValueSpecification","valueRequired":true,"valueName":"search_term_string"}}],"inLanguage":"en-US"},{"@type":"Organization","@id":"https:\/\/lilscope.com\/#organization","name":"Lilscope","url":"https:\/\/lilscope.com\/","logo":{"@type":"ImageObject","inLanguage":"en-US","@id":"https:\/\/lilscope.com\/#\/schema\/logo\/image\/","url":"https:\/\/lilscope.com\/wp-content\/uploads\/2020\/05\/cropped-BannerLilscopeBlau.png","contentUrl":"https:\/\/lilscope.com\/wp-content\/uploads\/2020\/05\/cropped-BannerLilscopeBlau.png","width":1087,"height":324,"caption":"Lilscope"},"image":{"@id":"https:\/\/lilscope.com\/#\/schema\/logo\/image\/"},"sameAs":["https:\/\/www.facebook.com\/LilScope-367872763862344","https:\/\/www.instagram.com\/lilscopia\/","https:\/\/www.pinterest.com\/lilscopia\/"]}]}},"jetpack_sharing_enabled":true,"_links":{"self":[{"href":"https:\/\/lilscope.com\/en\/wp-json\/wp\/v2\/pages\/970","targetHints":{"allow":["GET"]}}],"collection":[{"href":"https:\/\/lilscope.com\/en\/wp-json\/wp\/v2\/pages"}],"about":[{"href":"https:\/\/lilscope.com\/en\/wp-json\/wp\/v2\/types\/page"}],"author":[{"embeddable":true,"href":"https:\/\/lilscope.com\/en\/wp-json\/wp\/v2\/users\/3"}],"replies":[{"embeddable":true,"href":"https:\/\/lilscope.com\/en\/wp-json\/wp\/v2\/comments?post=970"}],"version-history":[{"count":3,"href":"https:\/\/lilscope.com\/en\/wp-json\/wp\/v2\/pages\/970\/revisions"}],"predecessor-version":[{"id":1002,"href":"https:\/\/lilscope.com\/en\/wp-json\/wp\/v2\/pages\/970\/revisions\/1002"}],"wp:attachment":[{"href":"https:\/\/lilscope.com\/en\/wp-json\/wp\/v2\/media?parent=970"}],"curies":[{"name":"wp","href":"https:\/\/api.w.org\/{rel}","templated":true}]}}