{"id":592,"date":"2019-08-30T14:39:24","date_gmt":"2019-08-30T12:39:24","guid":{"rendered":"http:\/\/lilscope.com\/versandarten\/"},"modified":"2023-09-13T16:30:41","modified_gmt":"2023-09-13T14:30:41","slug":"versandarten","status":"publish","type":"page","link":"https:\/\/lilscope.com\/en\/versandarten\/","title":{"rendered":"Shipping Methods"},"content":{"rendered":"<div data-elementor-type=\"wp-page\" data-elementor-id=\"592\" class=\"elementor elementor-592\" data-elementor-post-type=\"page\">\n\t\t\t\t\t\t<section class=\"elementor-section elementor-top-section elementor-element elementor-element-767a3f9 elementor-section-boxed elementor-section-height-default elementor-section-height-default\" data-id=\"767a3f9\" data-element_type=\"section\">\n\t\t\t\t\t\t<div class=\"elementor-container elementor-column-gap-default\">\n\t\t\t\t\t<div class=\"elementor-column elementor-col-100 elementor-top-column elementor-element elementor-element-3e3e497\" data-id=\"3e3e497\" data-element_type=\"column\">\n\t\t\t<div class=\"elementor-widget-wrap elementor-element-populated\">\n\t\t\t\t\t\t<div class=\"elementor-element elementor-element-7d5f026 elementor-widget elementor-widget-heading\" data-id=\"7d5f026\" data-element_type=\"widget\" data-widget_type=\"heading.default\">\n\t\t\t\t<div class=\"elementor-widget-container\">\n\t\t\t\t\t<h2 class=\"elementor-heading-title elementor-size-default\">Shipping methods<\/h2>\t\t\t\t<\/div>\n\t\t\t\t<\/div>\n\t\t\t\t\t<\/div>\n\t\t<\/div>\n\t\t\t\t\t<\/div>\n\t\t<\/section>\n\t\t\t\t<section class=\"elementor-section elementor-top-section elementor-element elementor-element-df78ff3 elementor-section-boxed elementor-section-height-default elementor-section-height-default\" data-id=\"df78ff3\" data-element_type=\"section\">\n\t\t\t\t\t\t<div class=\"elementor-container elementor-column-gap-default\">\n\t\t\t\t\t<div class=\"elementor-column elementor-col-100 elementor-top-column elementor-element elementor-element-38cc2b3\" data-id=\"38cc2b3\" data-element_type=\"column\">\n\t\t\t<div class=\"elementor-widget-wrap elementor-element-populated\">\n\t\t\t\t\t\t<div class=\"elementor-element elementor-element-e872c61 elementor-widget elementor-widget-text-editor\" data-id=\"e872c61\" data-element_type=\"widget\" data-widget_type=\"text-editor.default\">\n\t\t\t\t<div class=\"elementor-widget-container\">\n\t\t\t\t\t\t\t\t\t<p>Shipping flat rate for<\/p><p>Deutschland:\u00a0 \u00a02,90 EUR<\/p><p>Ausland:\u00a0 \u00a0 \u00a0 \u00a0 \u00a0 \u00a07,20 EUR<\/p><p><em><span style=\"text-decoration: underline;\">Hinweis:<\/span><\/em><em style=\"font-size: 20px;\"> Bei einem Versand in das Nicht-EU-Ausland k\u00f6nnen im Rahmen der Bestellung zus\u00e4tzliche Steuern oder Kosten (z. B. Z\u00f6lle) anfallen, die nicht \u00fcber uns abgef\u00fchrt bzw. von uns in Rechnung gestellt werden, sondern vom K\u00e4ufer direkt an die zust\u00e4ndigen Zoll- oder Steuerbeh\u00f6rden zu zahlen sind. Einzelheiten bitte bei den jeweils zust\u00e4ndigen Beh\u00f6rden erfragen.<\/em><\/p>\t\t\t\t\t\t\t\t<\/div>\n\t\t\t\t<\/div>\n\t\t\t\t\t<\/div>\n\t\t<\/div>\n\t\t\t\t\t<\/div>\n\t\t<\/section>\n\t\t\t\t<\/div>","protected":false},"excerpt":{"rendered":"<p>Versandarten: Versandpauschale f\u00fcr Deutschland:\u00a0 \u00a02,90 EUR Ausland:\u00a0 \u00a0 \u00a0 \u00a0 \u00a0 \u00a07,20 EUR Hinweis: Bei einem Versand in das Nicht-EU-Ausland k\u00f6nnen im Rahmen der Bestellung zus\u00e4tzliche Steuern oder Kosten (z. B. Z\u00f6lle) anfallen, die nicht \u00fcber uns abgef\u00fchrt bzw. von uns in Rechnung gestellt werden, sondern vom K\u00e4ufer direkt an die zust\u00e4ndigen Zoll- oder Steuerbeh\u00f6rden [&hellip;]<\/p>","protected":false},"author":1,"featured_media":0,"parent":0,"menu_order":0,"comment_status":"closed","ping_status":"closed","template":"","meta":{"_monsterinsights_skip_tracking":false,"_monsterinsights_sitenote_active":false,"_monsterinsights_sitenote_note":"","_monsterinsights_sitenote_category":0,"_uf_show_specific_survey":0,"_uf_disable_surveys":false,"site-sidebar-layout":"no-sidebar","site-content-layout":"page-builder","ast-site-content-layout":"","site-content-style":"default","site-sidebar-style":"default","ast-global-header-display":"","ast-banner-title-visibility":"","ast-main-header-display":"","ast-hfb-above-header-display":"","ast-hfb-below-header-display":"","ast-hfb-mobile-header-display":"","site-post-title":"disabled","ast-breadcrumbs-content":"","ast-featured-img":"disabled","footer-sml-layout":"","theme-transparent-header-meta":"default","adv-header-id-meta":"","stick-header-meta":"","header-above-stick-meta":"","header-main-stick-meta":"","header-below-stick-meta":"","astra-migrate-meta-layouts":"default","ast-page-background-enabled":"default","ast-page-background-meta":{"desktop":{"background-color":"","background-image":"","background-repeat":"repeat","background-position":"center center","background-size":"auto","background-attachment":"scroll","background-type":"","background-media":"","overlay-type":"","overlay-color":"","overlay-gradient":""},"tablet":{"background-color":"","background-image":"","background-repeat":"repeat","background-position":"center center","background-size":"auto","background-attachment":"scroll","background-type":"","background-media":"","overlay-type":"","overlay-color":"","overlay-gradient":""},"mobile":{"background-color":"","background-image":"","background-repeat":"repeat","background-position":"center center","background-size":"auto","background-attachment":"scroll","background-type":"","background-media":"","overlay-type":"","overlay-color":"","overlay-gradient":""}},"ast-content-background-meta":{"desktop":{"background-color":"var(--ast-global-color-5)","background-image":"","background-repeat":"repeat","background-position":"center center","background-size":"auto","background-attachment":"scroll","background-type":"","background-media":"","overlay-type":"","overlay-color":"","overlay-gradient":""},"tablet":{"background-color":"var(--ast-global-color-5)","background-image":"","background-repeat":"repeat","background-position":"center center","background-size":"auto","background-attachment":"scroll","background-type":"","background-media":"","overlay-type":"","overlay-color":"","overlay-gradient":""},"mobile":{"background-color":"var(--ast-global-color-5)","background-image":"","background-repeat":"repeat","background-position":"center center","background-size":"auto","background-attachment":"scroll","background-type":"","background-media":"","overlay-type":"","overlay-color":"","overlay-gradient":""}},"footnotes":""},"class_list":["post-592","page","type-page","status-publish","hentry"],"yoast_head":"<!-- This site is optimized with the Yoast SEO Premium plugin v24.4 (Yoast SEO v24.4) - https:\/\/yoast.com\/wordpress\/plugins\/seo\/ -->\n<title>Versandarten -<\/title>\n<meta name=\"robots\" content=\"noindex, nofollow\" \/>\n<meta property=\"og:locale\" content=\"en_US\" \/>\n<meta property=\"og:type\" content=\"article\" \/>\n<meta property=\"og:title\" content=\"Versandarten\" \/>\n<meta property=\"og:description\" content=\"Versandarten: Versandpauschale f\u00fcrDeutschland:\u00a0 \u00a02,90 EURAusland:\u00a0 \u00a0 \u00a0 \u00a0 \u00a0 \u00a07,20 EURHinweis: Bei einem Versand in das Nicht-EU-Ausland k\u00f6nnen im Rahmen\" \/>\n<meta property=\"og:url\" content=\"https:\/\/lilscope.com\/en\/versandarten\/\" \/>\n<meta property=\"article:publisher\" content=\"https:\/\/www.facebook.com\/LilScope-367872763862344\" \/>\n<meta property=\"article:modified_time\" content=\"2023-09-13T14:30:41+00:00\" \/>\n<meta name=\"twitter:card\" content=\"summary_large_image\" \/>\n<meta name=\"twitter:label1\" content=\"Est. reading time\" \/>\n\t<meta name=\"twitter:data1\" content=\"1 minute\" \/>\n<script type=\"application\/ld+json\" class=\"yoast-schema-graph\">{\"@context\":\"https:\/\/schema.org\",\"@graph\":[{\"@type\":\"WebPage\",\"@id\":\"https:\/\/lilscope.com\/versandarten\/\",\"url\":\"https:\/\/lilscope.com\/versandarten\/\",\"name\":\"Versandarten -\",\"isPartOf\":{\"@id\":\"https:\/\/lilscope.com\/#website\"},\"datePublished\":\"2019-08-30T12:39:24+00:00\",\"dateModified\":\"2023-09-13T14:30:41+00:00\",\"breadcrumb\":{\"@id\":\"https:\/\/lilscope.com\/versandarten\/#breadcrumb\"},\"inLanguage\":\"en-US\",\"potentialAction\":[{\"@type\":\"ReadAction\",\"target\":[\"https:\/\/lilscope.com\/versandarten\/\"]}]},{\"@type\":\"BreadcrumbList\",\"@id\":\"https:\/\/lilscope.com\/versandarten\/#breadcrumb\",\"itemListElement\":[{\"@type\":\"ListItem\",\"position\":1,\"name\":\"Startseite\",\"item\":\"https:\/\/lilscope.com\/\"},{\"@type\":\"ListItem\",\"position\":2,\"name\":\"Versandarten\"}]},{\"@type\":\"WebSite\",\"@id\":\"https:\/\/lilscope.com\/#website\",\"url\":\"https:\/\/lilscope.com\/\",\"name\":\"lilscope\",\"description\":\"Makro-Linsen f\u00fcr Smartphones\",\"publisher\":{\"@id\":\"https:\/\/lilscope.com\/#organization\"},\"potentialAction\":[{\"@type\":\"SearchAction\",\"target\":{\"@type\":\"EntryPoint\",\"urlTemplate\":\"https:\/\/lilscope.com\/?s={search_term_string}\"},\"query-input\":{\"@type\":\"PropertyValueSpecification\",\"valueRequired\":true,\"valueName\":\"search_term_string\"}}],\"inLanguage\":\"en-US\"},{\"@type\":\"Organization\",\"@id\":\"https:\/\/lilscope.com\/#organization\",\"name\":\"Lilscope\",\"url\":\"https:\/\/lilscope.com\/\",\"logo\":{\"@type\":\"ImageObject\",\"inLanguage\":\"en-US\",\"@id\":\"https:\/\/lilscope.com\/#\/schema\/logo\/image\/\",\"url\":\"https:\/\/lilscope.com\/wp-content\/uploads\/2020\/05\/cropped-BannerLilscopeBlau.png\",\"contentUrl\":\"https:\/\/lilscope.com\/wp-content\/uploads\/2020\/05\/cropped-BannerLilscopeBlau.png\",\"width\":1087,\"height\":324,\"caption\":\"Lilscope\"},\"image\":{\"@id\":\"https:\/\/lilscope.com\/#\/schema\/logo\/image\/\"},\"sameAs\":[\"https:\/\/www.facebook.com\/LilScope-367872763862344\",\"https:\/\/www.instagram.com\/lilscopia\/\",\"https:\/\/www.pinterest.com\/lilscopia\/\"]}]}<\/script>\n<!-- \/ Yoast SEO Premium plugin. -->","yoast_head_json":{"title":"Versandarten -","robots":{"index":"noindex","follow":"nofollow"},"og_locale":"en_US","og_type":"article","og_title":"Versandarten","og_description":"Versandarten: Versandpauschale f\u00fcrDeutschland:\u00a0 \u00a02,90 EURAusland:\u00a0 \u00a0 \u00a0 \u00a0 \u00a0 \u00a07,20 EURHinweis: Bei einem Versand in das Nicht-EU-Ausland k\u00f6nnen im Rahmen","og_url":"https:\/\/lilscope.com\/en\/versandarten\/","article_publisher":"https:\/\/www.facebook.com\/LilScope-367872763862344","article_modified_time":"2023-09-13T14:30:41+00:00","twitter_card":"summary_large_image","twitter_misc":{"Est. reading time":"1 minute"},"schema":{"@context":"https:\/\/schema.org","@graph":[{"@type":"WebPage","@id":"https:\/\/lilscope.com\/versandarten\/","url":"https:\/\/lilscope.com\/versandarten\/","name":"Versandarten -","isPartOf":{"@id":"https:\/\/lilscope.com\/#website"},"datePublished":"2019-08-30T12:39:24+00:00","dateModified":"2023-09-13T14:30:41+00:00","breadcrumb":{"@id":"https:\/\/lilscope.com\/versandarten\/#breadcrumb"},"inLanguage":"en-US","potentialAction":[{"@type":"ReadAction","target":["https:\/\/lilscope.com\/versandarten\/"]}]},{"@type":"BreadcrumbList","@id":"https:\/\/lilscope.com\/versandarten\/#breadcrumb","itemListElement":[{"@type":"ListItem","position":1,"name":"Startseite","item":"https:\/\/lilscope.com\/"},{"@type":"ListItem","position":2,"name":"Versandarten"}]},{"@type":"WebSite","@id":"https:\/\/lilscope.com\/#website","url":"https:\/\/lilscope.com\/","name":"lilscope","description":"Makro-Linsen f\u00fcr Smartphones","publisher":{"@id":"https:\/\/lilscope.com\/#organization"},"potentialAction":[{"@type":"SearchAction","target":{"@type":"EntryPoint","urlTemplate":"https:\/\/lilscope.com\/?s={search_term_string}"},"query-input":{"@type":"PropertyValueSpecification","valueRequired":true,"valueName":"search_term_string"}}],"inLanguage":"en-US"},{"@type":"Organization","@id":"https:\/\/lilscope.com\/#organization","name":"Lilscope","url":"https:\/\/lilscope.com\/","logo":{"@type":"ImageObject","inLanguage":"en-US","@id":"https:\/\/lilscope.com\/#\/schema\/logo\/image\/","url":"https:\/\/lilscope.com\/wp-content\/uploads\/2020\/05\/cropped-BannerLilscopeBlau.png","contentUrl":"https:\/\/lilscope.com\/wp-content\/uploads\/2020\/05\/cropped-BannerLilscopeBlau.png","width":1087,"height":324,"caption":"Lilscope"},"image":{"@id":"https:\/\/lilscope.com\/#\/schema\/logo\/image\/"},"sameAs":["https:\/\/www.facebook.com\/LilScope-367872763862344","https:\/\/www.instagram.com\/lilscopia\/","https:\/\/www.pinterest.com\/lilscopia\/"]}]}},"jetpack_sharing_enabled":true,"_links":{"self":[{"href":"https:\/\/lilscope.com\/en\/wp-json\/wp\/v2\/pages\/592","targetHints":{"allow":["GET"]}}],"collection":[{"href":"https:\/\/lilscope.com\/en\/wp-json\/wp\/v2\/pages"}],"about":[{"href":"https:\/\/lilscope.com\/en\/wp-json\/wp\/v2\/types\/page"}],"author":[{"embeddable":true,"href":"https:\/\/lilscope.com\/en\/wp-json\/wp\/v2\/users\/1"}],"replies":[{"embeddable":true,"href":"https:\/\/lilscope.com\/en\/wp-json\/wp\/v2\/comments?post=592"}],"version-history":[{"count":36,"href":"https:\/\/lilscope.com\/en\/wp-json\/wp\/v2\/pages\/592\/revisions"}],"predecessor-version":[{"id":3571,"href":"https:\/\/lilscope.com\/en\/wp-json\/wp\/v2\/pages\/592\/revisions\/3571"}],"wp:attachment":[{"href":"https:\/\/lilscope.com\/en\/wp-json\/wp\/v2\/media?parent=592"}],"curies":[{"name":"wp","href":"https:\/\/api.w.org\/{rel}","templated":true}]}}