{"id":1862,"date":"2020-08-02T17:08:49","date_gmt":"2020-08-02T15:08:49","guid":{"rendered":"https:\/\/lilscope.com\/?page_id=1862"},"modified":"2020-08-02T18:13:23","modified_gmt":"2020-08-02T16:13:23","slug":"lilscope4kids","status":"publish","type":"page","link":"https:\/\/lilscope.com\/en\/lilscope4kids\/","title":{"rendered":"LilScope4kids"},"content":{"rendered":"<div data-elementor-type=\"wp-page\" data-elementor-id=\"1862\" class=\"elementor elementor-1862\" data-elementor-post-type=\"page\">\n\t\t\t\t\t\t<section class=\"elementor-section elementor-top-section elementor-element elementor-element-ee1bf5f elementor-section-boxed elementor-section-height-default elementor-section-height-default\" data-id=\"ee1bf5f\" data-element_type=\"section\">\n\t\t\t\t\t\t<div class=\"elementor-container elementor-column-gap-default\">\n\t\t\t\t\t<div class=\"elementor-column elementor-col-100 elementor-top-column elementor-element elementor-element-f06ab63\" data-id=\"f06ab63\" data-element_type=\"column\">\n\t\t\t<div class=\"elementor-widget-wrap elementor-element-populated\">\n\t\t\t\t\t\t<div class=\"elementor-element elementor-element-7e02bec elementor-widget elementor-widget-heading\" data-id=\"7e02bec\" data-element_type=\"widget\" data-widget_type=\"heading.default\">\n\t\t\t\t<div class=\"elementor-widget-container\">\n\t\t\t\t\t<h2 class=\"elementor-heading-title elementor-size-default\">Snugle: unsere Kinder-Linse<\/h2>\t\t\t\t<\/div>\n\t\t\t\t<\/div>\n\t\t\t\t\t<\/div>\n\t\t<\/div>\n\t\t\t\t\t<\/div>\n\t\t<\/section>\n\t\t\t\t<section class=\"elementor-section elementor-top-section elementor-element elementor-element-a0394c5 elementor-section-boxed elementor-section-height-default elementor-section-height-default\" data-id=\"a0394c5\" data-element_type=\"section\">\n\t\t\t\t\t\t<div class=\"elementor-container elementor-column-gap-default\">\n\t\t\t\t\t<div class=\"elementor-column elementor-col-100 elementor-top-column elementor-element elementor-element-380e2fc\" data-id=\"380e2fc\" data-element_type=\"column\">\n\t\t\t<div class=\"elementor-widget-wrap elementor-element-populated\">\n\t\t\t\t\t\t<div class=\"elementor-element elementor-element-ff49bac elementor-widget elementor-widget-image\" data-id=\"ff49bac\" data-element_type=\"widget\" data-widget_type=\"image.default\">\n\t\t\t\t<div class=\"elementor-widget-container\">\n\t\t\t\t\t\t\t\t\t\t\t\t\t\t\t<img decoding=\"async\" src=\"https:\/\/lilscope.com\/wp-content\/uploads\/elementor\/thumbs\/IMG_20200619_161843-1-scaled-p8ta79yc4a8yl6cqwhtzrq2nin66dpvkepv59qp6jc.jpg\" title=\"IMG_20200619_161843\" alt=\"Ameise auf Trompetenbl\u00fcte\" loading=\"lazy\" \/>\t\t\t\t\t\t\t\t\t\t\t\t\t\t\t<\/div>\n\t\t\t\t<\/div>\n\t\t\t\t\t<\/div>\n\t\t<\/div>\n\t\t\t\t\t<\/div>\n\t\t<\/section>\n\t\t\t\t<section class=\"elementor-section elementor-top-section elementor-element elementor-element-643d414 elementor-section-boxed elementor-section-height-default elementor-section-height-default\" data-id=\"643d414\" data-element_type=\"section\">\n\t\t\t\t\t\t<div class=\"elementor-container elementor-column-gap-default\">\n\t\t\t\t\t<div class=\"elementor-column elementor-col-100 elementor-top-column elementor-element elementor-element-b8c0f64\" data-id=\"b8c0f64\" data-element_type=\"column\">\n\t\t\t<div class=\"elementor-widget-wrap elementor-element-populated\">\n\t\t\t\t\t\t<div class=\"elementor-element elementor-element-dbda970 elementor-widget-divider--view-line elementor-widget elementor-widget-divider\" data-id=\"dbda970\" data-element_type=\"widget\" data-widget_type=\"divider.default\">\n\t\t\t\t<div class=\"elementor-widget-container\">\n\t\t\t\t\t\t\t<div class=\"elementor-divider\">\n\t\t\t<span class=\"elementor-divider-separator\">\n\t\t\t\t\t\t<\/span>\n\t\t<\/div>\n\t\t\t\t\t\t<\/div>\n\t\t\t\t<\/div>\n\t\t\t\t<div class=\"elementor-element elementor-element-9db9b68 elementor-position-left elementor-vertical-align-top elementor-widget elementor-widget-image-box\" data-id=\"9db9b68\" data-element_type=\"widget\" data-widget_type=\"image-box.default\">\n\t\t\t\t<div class=\"elementor-widget-container\">\n\t\t\t\t\t<div class=\"elementor-image-box-wrapper\"><figure class=\"elementor-image-box-img\"><img decoding=\"async\" src=\"https:\/\/lilscope.com\/wp-content\/uploads\/2019\/08\/IMG_20190816_122230.jpg\" title=\"\" alt=\"\" loading=\"lazy\" \/><\/figure><div class=\"elementor-image-box-content\"><h3 class=\"elementor-image-box-title\">Snugle<\/h3><p class=\"elementor-image-box-description\">Die Linse ist randlos, hat einen Bumper, damit sie nicht zerkratzt, wenn das Handy abgelegt wird. Das bunte Klebepad kann so geformt werden, dass es an eigentlich jede Handy-Kamera passt. Auch Kamera-Elemente mit mehreren Kameras sind kein Problem.<\/p><\/div><\/div>\t\t\t\t<\/div>\n\t\t\t\t<\/div>\n\t\t\t\t<div class=\"elementor-element elementor-element-b123b15 elementor-widget-divider--view-line elementor-widget elementor-widget-divider\" data-id=\"b123b15\" data-element_type=\"widget\" data-widget_type=\"divider.default\">\n\t\t\t\t<div class=\"elementor-widget-container\">\n\t\t\t\t\t\t\t<div class=\"elementor-divider\">\n\t\t\t<span class=\"elementor-divider-separator\">\n\t\t\t\t\t\t<\/span>\n\t\t<\/div>\n\t\t\t\t\t\t<\/div>\n\t\t\t\t<\/div>\n\t\t\t\t\t<\/div>\n\t\t<\/div>\n\t\t\t\t\t<\/div>\n\t\t<\/section>\n\t\t\t\t<section class=\"elementor-section elementor-top-section elementor-element elementor-element-77a0255 elementor-section-boxed elementor-section-height-default elementor-section-height-default\" data-id=\"77a0255\" data-element_type=\"section\">\n\t\t\t\t\t\t<div class=\"elementor-container elementor-column-gap-default\">\n\t\t\t\t\t<div class=\"elementor-column elementor-col-100 elementor-top-column elementor-element elementor-element-9c6edb0\" data-id=\"9c6edb0\" data-element_type=\"column\">\n\t\t\t<div class=\"elementor-widget-wrap elementor-element-populated\">\n\t\t\t\t\t\t<div class=\"elementor-element elementor-element-d4a8647 elementor-widget elementor-widget-text-editor\" data-id=\"d4a8647\" data-element_type=\"widget\" data-widget_type=\"text-editor.default\">\n\t\t\t\t<div class=\"elementor-widget-container\">\n\t\t\t\t\t\t\t\t\t<p>Das Smartphone muss im Allgemeinen nicht aus seiner H\u00fclle genommen werden. Die Linse kann leicht auf dem Case vor der Handy-Kamera befestigt werden. Das Klebepad wird mit den Fingern zurecht geformt und kann dann mit leichtem Druck auf dem Ger\u00e4t angebracht. Sollte das Smartphone aus den H\u00e4nden rutschen, wird es noch durch seine H\u00fclle gesch\u00fctzt.\u00a0<\/p>\t\t\t\t\t\t\t\t<\/div>\n\t\t\t\t<\/div>\n\t\t\t\t\t<\/div>\n\t\t<\/div>\n\t\t\t\t\t<\/div>\n\t\t<\/section>\n\t\t\t\t<section class=\"elementor-section elementor-top-section elementor-element elementor-element-cec5c70 elementor-section-boxed elementor-section-height-default elementor-section-height-default\" data-id=\"cec5c70\" data-element_type=\"section\">\n\t\t\t\t\t\t<div class=\"elementor-container elementor-column-gap-default\">\n\t\t\t\t\t<div class=\"elementor-column elementor-col-100 elementor-top-column elementor-element elementor-element-4591b8b\" data-id=\"4591b8b\" data-element_type=\"column\">\n\t\t\t<div class=\"elementor-widget-wrap elementor-element-populated\">\n\t\t\t\t\t\t<div class=\"elementor-element elementor-element-60ae05d elementor-widget elementor-widget-text-editor\" data-id=\"60ae05d\" data-element_type=\"widget\" data-widget_type=\"text-editor.default\">\n\t\t\t\t<div class=\"elementor-widget-container\">\n\t\t\t\t\t\t\t\t\t<p>Snugle wird in einer robusten Plastik-Box geliefert und kann weiterhin zur Aufbewahrung genutzt werden. Sie\u00a0 ist so klein, dass sie in jede Hosentasche passt. Somit kann die Linse immer dabei sein, wenn spontan faszinierende oder coole Motive auftauchen.<\/p>\t\t\t\t\t\t\t\t<\/div>\n\t\t\t\t<\/div>\n\t\t\t\t\t<\/div>\n\t\t<\/div>\n\t\t\t\t\t<\/div>\n\t\t<\/section>\n\t\t\t\t<section class=\"elementor-section elementor-top-section elementor-element elementor-element-7989ad1 elementor-section-boxed elementor-section-height-default elementor-section-height-default\" data-id=\"7989ad1\" data-element_type=\"section\">\n\t\t\t\t\t\t<div class=\"elementor-container elementor-column-gap-default\">\n\t\t\t\t\t<div class=\"elementor-column elementor-col-100 elementor-top-column elementor-element elementor-element-5626637\" data-id=\"5626637\" data-element_type=\"column\">\n\t\t\t<div class=\"elementor-widget-wrap elementor-element-populated\">\n\t\t\t\t\t\t<div class=\"elementor-element elementor-element-8488a55 elementor-widget elementor-widget-text-editor\" data-id=\"8488a55\" data-element_type=\"widget\" data-widget_type=\"text-editor.default\">\n\t\t\t\t<div class=\"elementor-widget-container\">\n\t\t\t\t\t\t\t\t\t<p>Die Vergr\u00f6\u00dferung liegt im 5-fach Bereich. Sie reicht f\u00fcr die meisten Motive leicht aus. Der Tiefensch\u00e4rfe-Bereich ist gro\u00df und das Smartphone muss nicht extrem ruhig gehalten werden. Das ist bei Kindern, die manchmal etwas zappelig sind, wichtig.\u00a0<\/p>\t\t\t\t\t\t\t\t<\/div>\n\t\t\t\t<\/div>\n\t\t\t\t\t<\/div>\n\t\t<\/div>\n\t\t\t\t\t<\/div>\n\t\t<\/section>\n\t\t\t\t<\/div>","protected":false},"excerpt":{"rendered":"<p>Snugle: unsere Kinder-Linse Snugle Die Linse ist randlos, hat einen Bumper, damit sie nicht zerkratzt, wenn das Handy abgelegt wird. Das bunte Klebepad kann so geformt werden, dass es an eigentlich jede Handy-Kamera passt. Auch Kamera-Elemente mit mehreren Kameras sind kein Problem. Das Smartphone muss im Allgemeinen nicht aus seiner H\u00fclle genommen werden. Die Linse [&hellip;]<\/p>","protected":false},"author":3,"featured_media":0,"parent":0,"menu_order":0,"comment_status":"closed","ping_status":"closed","template":"","meta":{"_monsterinsights_skip_tracking":false,"_monsterinsights_sitenote_active":false,"_monsterinsights_sitenote_note":"","_monsterinsights_sitenote_category":0,"_uf_show_specific_survey":0,"_uf_disable_surveys":false,"site-sidebar-layout":"no-sidebar","site-content-layout":"page-builder","ast-site-content-layout":"","site-content-style":"default","site-sidebar-style":"default","ast-global-header-display":"","ast-banner-title-visibility":"","ast-main-header-display":"","ast-hfb-above-header-display":"","ast-hfb-below-header-display":"","ast-hfb-mobile-header-display":"","site-post-title":"disabled","ast-breadcrumbs-content":"","ast-featured-img":"disabled","footer-sml-layout":"","theme-transparent-header-meta":"","adv-header-id-meta":"","stick-header-meta":"","header-above-stick-meta":"","header-main-stick-meta":"","header-below-stick-meta":"","astra-migrate-meta-layouts":"default","ast-page-background-enabled":"default","ast-page-background-meta":{"desktop":{"background-color":"","background-image":"","background-repeat":"repeat","background-position":"center center","background-size":"auto","background-attachment":"scroll","background-type":"","background-media":"","overlay-type":"","overlay-color":"","overlay-gradient":""},"tablet":{"background-color":"","background-image":"","background-repeat":"repeat","background-position":"center center","background-size":"auto","background-attachment":"scroll","background-type":"","background-media":"","overlay-type":"","overlay-color":"","overlay-gradient":""},"mobile":{"background-color":"","background-image":"","background-repeat":"repeat","background-position":"center center","background-size":"auto","background-attachment":"scroll","background-type":"","background-media":"","overlay-type":"","overlay-color":"","overlay-gradient":""}},"ast-content-background-meta":{"desktop":{"background-color":"var(--ast-global-color-5)","background-image":"","background-repeat":"repeat","background-position":"center center","background-size":"auto","background-attachment":"scroll","background-type":"","background-media":"","overlay-type":"","overlay-color":"","overlay-gradient":""},"tablet":{"background-color":"var(--ast-global-color-5)","background-image":"","background-repeat":"repeat","background-position":"center center","background-size":"auto","background-attachment":"scroll","background-type":"","background-media":"","overlay-type":"","overlay-color":"","overlay-gradient":""},"mobile":{"background-color":"var(--ast-global-color-5)","background-image":"","background-repeat":"repeat","background-position":"center center","background-size":"auto","background-attachment":"scroll","background-type":"","background-media":"","overlay-type":"","overlay-color":"","overlay-gradient":""}},"footnotes":""},"class_list":["post-1862","page","type-page","status-publish","hentry"],"yoast_head":"<!-- This site is optimized with the Yoast SEO Premium plugin v24.4 (Yoast SEO v24.4) - https:\/\/yoast.com\/wordpress\/plugins\/seo\/ -->\n<title>LilScope4kids -<\/title>\n<meta name=\"robots\" content=\"index, follow, max-snippet:-1, max-image-preview:large, max-video-preview:-1\" \/>\n<link rel=\"canonical\" href=\"https:\/\/lilscope.com\/en\/lilscope4kids\/\" \/>\n<meta property=\"og:locale\" content=\"en_US\" \/>\n<meta property=\"og:type\" content=\"article\" \/>\n<meta property=\"og:title\" content=\"LilScope4kids\" \/>\n<meta property=\"og:description\" content=\"Snugle: unsere Kinder-Linse SnugleDie Linse ist randlos, hat einen Bumper, damit sie nicht zerkratzt, wenn das Handy abgelegt wird. Das bunte Klebepad\" \/>\n<meta property=\"og:url\" content=\"https:\/\/lilscope.com\/en\/lilscope4kids\/\" \/>\n<meta property=\"article:publisher\" content=\"https:\/\/www.facebook.com\/LilScope-367872763862344\" \/>\n<meta property=\"article:modified_time\" content=\"2020-08-02T16:13:23+00:00\" \/>\n<meta property=\"og:image\" content=\"https:\/\/lilscope.com\/wp-content\/uploads\/elementor\/thumbs\/IMG_20200619_161843-1-scaled-os6912mc8itmowj3gksm3zg0risj9x9g1rwlieyct4.jpg\" \/>\n<meta name=\"twitter:card\" content=\"summary_large_image\" \/>\n<meta name=\"twitter:label1\" content=\"Est. reading time\" \/>\n\t<meta name=\"twitter:data1\" content=\"1 minute\" \/>\n<script type=\"application\/ld+json\" class=\"yoast-schema-graph\">{\"@context\":\"https:\/\/schema.org\",\"@graph\":[{\"@type\":\"WebPage\",\"@id\":\"https:\/\/lilscope.com\/lilscope4kids\/\",\"url\":\"https:\/\/lilscope.com\/lilscope4kids\/\",\"name\":\"LilScope4kids -\",\"isPartOf\":{\"@id\":\"https:\/\/lilscope.com\/#website\"},\"primaryImageOfPage\":{\"@id\":\"https:\/\/lilscope.com\/lilscope4kids\/#primaryimage\"},\"image\":{\"@id\":\"https:\/\/lilscope.com\/lilscope4kids\/#primaryimage\"},\"thumbnailUrl\":\"https:\/\/lilscope.com\/wp-content\/uploads\/elementor\/thumbs\/IMG_20200619_161843-1-scaled-os6912mc8itmowj3gksm3zg0risj9x9g1rwlieyct4.jpg\",\"datePublished\":\"2020-08-02T15:08:49+00:00\",\"dateModified\":\"2020-08-02T16:13:23+00:00\",\"breadcrumb\":{\"@id\":\"https:\/\/lilscope.com\/lilscope4kids\/#breadcrumb\"},\"inLanguage\":\"en-US\",\"potentialAction\":[{\"@type\":\"ReadAction\",\"target\":[\"https:\/\/lilscope.com\/lilscope4kids\/\"]}]},{\"@type\":\"ImageObject\",\"inLanguage\":\"en-US\",\"@id\":\"https:\/\/lilscope.com\/lilscope4kids\/#primaryimage\",\"url\":\"https:\/\/lilscope.com\/wp-content\/uploads\/elementor\/thumbs\/IMG_20200619_161843-1-scaled-os6912mc8itmowj3gksm3zg0risj9x9g1rwlieyct4.jpg\",\"contentUrl\":\"https:\/\/lilscope.com\/wp-content\/uploads\/elementor\/thumbs\/IMG_20200619_161843-1-scaled-os6912mc8itmowj3gksm3zg0risj9x9g1rwlieyct4.jpg\"},{\"@type\":\"BreadcrumbList\",\"@id\":\"https:\/\/lilscope.com\/lilscope4kids\/#breadcrumb\",\"itemListElement\":[{\"@type\":\"ListItem\",\"position\":1,\"name\":\"Startseite\",\"item\":\"https:\/\/lilscope.com\/\"},{\"@type\":\"ListItem\",\"position\":2,\"name\":\"LilScope4kids\"}]},{\"@type\":\"WebSite\",\"@id\":\"https:\/\/lilscope.com\/#website\",\"url\":\"https:\/\/lilscope.com\/\",\"name\":\"lilscope\",\"description\":\"Makro-Linsen f\u00fcr Smartphones\",\"publisher\":{\"@id\":\"https:\/\/lilscope.com\/#organization\"},\"potentialAction\":[{\"@type\":\"SearchAction\",\"target\":{\"@type\":\"EntryPoint\",\"urlTemplate\":\"https:\/\/lilscope.com\/?s={search_term_string}\"},\"query-input\":{\"@type\":\"PropertyValueSpecification\",\"valueRequired\":true,\"valueName\":\"search_term_string\"}}],\"inLanguage\":\"en-US\"},{\"@type\":\"Organization\",\"@id\":\"https:\/\/lilscope.com\/#organization\",\"name\":\"Lilscope\",\"url\":\"https:\/\/lilscope.com\/\",\"logo\":{\"@type\":\"ImageObject\",\"inLanguage\":\"en-US\",\"@id\":\"https:\/\/lilscope.com\/#\/schema\/logo\/image\/\",\"url\":\"https:\/\/lilscope.com\/wp-content\/uploads\/2020\/05\/cropped-BannerLilscopeBlau.png\",\"contentUrl\":\"https:\/\/lilscope.com\/wp-content\/uploads\/2020\/05\/cropped-BannerLilscopeBlau.png\",\"width\":1087,\"height\":324,\"caption\":\"Lilscope\"},\"image\":{\"@id\":\"https:\/\/lilscope.com\/#\/schema\/logo\/image\/\"},\"sameAs\":[\"https:\/\/www.facebook.com\/LilScope-367872763862344\",\"https:\/\/www.instagram.com\/lilscopia\/\",\"https:\/\/www.pinterest.com\/lilscopia\/\"]}]}<\/script>\n<!-- \/ Yoast SEO Premium plugin. -->","yoast_head_json":{"title":"LilScope4kids -","robots":{"index":"index","follow":"follow","max-snippet":"max-snippet:-1","max-image-preview":"max-image-preview:large","max-video-preview":"max-video-preview:-1"},"canonical":"https:\/\/lilscope.com\/en\/lilscope4kids\/","og_locale":"en_US","og_type":"article","og_title":"LilScope4kids","og_description":"Snugle: unsere Kinder-Linse SnugleDie Linse ist randlos, hat einen Bumper, damit sie nicht zerkratzt, wenn das Handy abgelegt wird. Das bunte Klebepad","og_url":"https:\/\/lilscope.com\/en\/lilscope4kids\/","article_publisher":"https:\/\/www.facebook.com\/LilScope-367872763862344","article_modified_time":"2020-08-02T16:13:23+00:00","og_image":[{"url":"https:\/\/lilscope.com\/wp-content\/uploads\/elementor\/thumbs\/IMG_20200619_161843-1-scaled-os6912mc8itmowj3gksm3zg0risj9x9g1rwlieyct4.jpg","type":"","width":"","height":""}],"twitter_card":"summary_large_image","twitter_misc":{"Est. reading time":"1 minute"},"schema":{"@context":"https:\/\/schema.org","@graph":[{"@type":"WebPage","@id":"https:\/\/lilscope.com\/lilscope4kids\/","url":"https:\/\/lilscope.com\/lilscope4kids\/","name":"LilScope4kids -","isPartOf":{"@id":"https:\/\/lilscope.com\/#website"},"primaryImageOfPage":{"@id":"https:\/\/lilscope.com\/lilscope4kids\/#primaryimage"},"image":{"@id":"https:\/\/lilscope.com\/lilscope4kids\/#primaryimage"},"thumbnailUrl":"https:\/\/lilscope.com\/wp-content\/uploads\/elementor\/thumbs\/IMG_20200619_161843-1-scaled-os6912mc8itmowj3gksm3zg0risj9x9g1rwlieyct4.jpg","datePublished":"2020-08-02T15:08:49+00:00","dateModified":"2020-08-02T16:13:23+00:00","breadcrumb":{"@id":"https:\/\/lilscope.com\/lilscope4kids\/#breadcrumb"},"inLanguage":"en-US","potentialAction":[{"@type":"ReadAction","target":["https:\/\/lilscope.com\/lilscope4kids\/"]}]},{"@type":"ImageObject","inLanguage":"en-US","@id":"https:\/\/lilscope.com\/lilscope4kids\/#primaryimage","url":"https:\/\/lilscope.com\/wp-content\/uploads\/elementor\/thumbs\/IMG_20200619_161843-1-scaled-os6912mc8itmowj3gksm3zg0risj9x9g1rwlieyct4.jpg","contentUrl":"https:\/\/lilscope.com\/wp-content\/uploads\/elementor\/thumbs\/IMG_20200619_161843-1-scaled-os6912mc8itmowj3gksm3zg0risj9x9g1rwlieyct4.jpg"},{"@type":"BreadcrumbList","@id":"https:\/\/lilscope.com\/lilscope4kids\/#breadcrumb","itemListElement":[{"@type":"ListItem","position":1,"name":"Startseite","item":"https:\/\/lilscope.com\/"},{"@type":"ListItem","position":2,"name":"LilScope4kids"}]},{"@type":"WebSite","@id":"https:\/\/lilscope.com\/#website","url":"https:\/\/lilscope.com\/","name":"lilscope","description":"Makro-Linsen f\u00fcr Smartphones","publisher":{"@id":"https:\/\/lilscope.com\/#organization"},"potentialAction":[{"@type":"SearchAction","target":{"@type":"EntryPoint","urlTemplate":"https:\/\/lilscope.com\/?s={search_term_string}"},"query-input":{"@type":"PropertyValueSpecification","valueRequired":true,"valueName":"search_term_string"}}],"inLanguage":"en-US"},{"@type":"Organization","@id":"https:\/\/lilscope.com\/#organization","name":"Lilscope","url":"https:\/\/lilscope.com\/","logo":{"@type":"ImageObject","inLanguage":"en-US","@id":"https:\/\/lilscope.com\/#\/schema\/logo\/image\/","url":"https:\/\/lilscope.com\/wp-content\/uploads\/2020\/05\/cropped-BannerLilscopeBlau.png","contentUrl":"https:\/\/lilscope.com\/wp-content\/uploads\/2020\/05\/cropped-BannerLilscopeBlau.png","width":1087,"height":324,"caption":"Lilscope"},"image":{"@id":"https:\/\/lilscope.com\/#\/schema\/logo\/image\/"},"sameAs":["https:\/\/www.facebook.com\/LilScope-367872763862344","https:\/\/www.instagram.com\/lilscopia\/","https:\/\/www.pinterest.com\/lilscopia\/"]}]}},"jetpack_sharing_enabled":true,"_links":{"self":[{"href":"https:\/\/lilscope.com\/en\/wp-json\/wp\/v2\/pages\/1862","targetHints":{"allow":["GET"]}}],"collection":[{"href":"https:\/\/lilscope.com\/en\/wp-json\/wp\/v2\/pages"}],"about":[{"href":"https:\/\/lilscope.com\/en\/wp-json\/wp\/v2\/types\/page"}],"author":[{"embeddable":true,"href":"https:\/\/lilscope.com\/en\/wp-json\/wp\/v2\/users\/3"}],"replies":[{"embeddable":true,"href":"https:\/\/lilscope.com\/en\/wp-json\/wp\/v2\/comments?post=1862"}],"version-history":[{"count":15,"href":"https:\/\/lilscope.com\/en\/wp-json\/wp\/v2\/pages\/1862\/revisions"}],"predecessor-version":[{"id":1879,"href":"https:\/\/lilscope.com\/en\/wp-json\/wp\/v2\/pages\/1862\/revisions\/1879"}],"wp:attachment":[{"href":"https:\/\/lilscope.com\/en\/wp-json\/wp\/v2\/media?parent=1862"}],"curies":[{"name":"wp","href":"https:\/\/api.w.org\/{rel}","templated":true}]}}